{"id":1412,"date":"2025-10-16T11:03:41","date_gmt":"2025-10-16T11:03:41","guid":{"rendered":"https:\/\/wallartcompany.be\/?page_id=1412"},"modified":"2025-10-16T14:58:15","modified_gmt":"2025-10-16T14:58:15","slug":"wallart-marble","status":"publish","type":"page","link":"https:\/\/wallartcompany.be\/nl\/wallart-marble\/","title":{"rendered":"Wallart Marble"},"content":{"rendered":"<div data-elementor-type=\"wp-page\" data-elementor-id=\"1412\" class=\"elementor elementor-1412\" data-elementor-post-type=\"page\">\n\t\t\t\t<div class=\"elementor-element elementor-element-748a7f3 e-flex e-con-boxed e-con e-parent\" data-id=\"748a7f3\" data-element_type=\"container\" data-e-type=\"container\" data-settings=\"{&quot;background_background&quot;:&quot;classic&quot;}\">\n\t\t\t\t\t<div class=\"e-con-inner\">\n\t\t\t\t<div class=\"elementor-element elementor-element-6dfb69e elementor-widget elementor-widget-heading\" data-id=\"6dfb69e\" data-element_type=\"widget\" data-e-type=\"widget\" data-widget_type=\"heading.default\">\n\t\t\t\t<div class=\"elementor-widget-container\">\n\t\t\t\t\t<h2 class=\"elementor-heading-title elementor-size-default\">De la Nature \u00e0 l\u2019Art \u2013 Le Marbre R\u00e9invent\u00e9 par WALLART\n<\/h2>\t\t\t\t<\/div>\n\t\t\t\t<\/div>\n\t\t\t\t<div class=\"elementor-element elementor-element-5fc6846 elementor-widget elementor-widget-spacer\" data-id=\"5fc6846\" data-element_type=\"widget\" data-e-type=\"widget\" data-widget_type=\"spacer.default\">\n\t\t\t\t<div class=\"elementor-widget-container\">\n\t\t\t\t\t\t\t<div class=\"elementor-spacer\">\n\t\t\t<div class=\"elementor-spacer-inner\"><\/div>\n\t\t<\/div>\n\t\t\t\t\t\t<\/div>\n\t\t\t\t<\/div>\n\t\t\t\t<div class=\"elementor-element elementor-element-8bfd4d5 elementor-widget elementor-widget-text-editor\" data-id=\"8bfd4d5\" data-element_type=\"widget\" data-e-type=\"widget\" data-widget_type=\"text-editor.default\">\n\t\t\t\t<div class=\"elementor-widget-container\">\n\t\t\t\t\t\t\t\t\t<p>Chez <strong data-start=\"286\" data-end=\"297\">WALLART<\/strong>, chaque surface raconte une histoire. Inspir\u00e9s par la beaut\u00e9 brute de la nature, nous sublimons le marbre et la porcelaine pour cr\u00e9er des espaces d\u2019une \u00e9l\u00e9gance intemporelle. Nos collections associent l\u2019esth\u00e9tique du marbre naturel \u00e0 la durabilit\u00e9 du gr\u00e8s c\u00e9rame, offrant des designs raffin\u00e9s pour h\u00f4tels, bars, lobbies, bureaux ou r\u00e9sidences modernes.<br data-start=\"650\" data-end=\"653\" \/>Chaque veinure, chaque nuance est pens\u00e9e comme un po\u00e8me visuel, alliant <strong data-start=\"725\" data-end=\"777\">innovation, durabilit\u00e9 et savoir-faire artisanal<\/strong>.<br data-start=\"778\" data-end=\"781\" \/>Plus qu\u2019un simple rev\u00eatement, nos cr\u00e9ations transforment vos int\u00e9rieurs en <strong data-start=\"856\" data-end=\"891\">\u0153uvres architecturales vivantes<\/strong> \u2014 o\u00f9 la lumi\u00e8re, la mati\u00e8re et l\u2019\u00e9motion se rencontrent.<\/p>\t\t\t\t\t\t\t\t<\/div>\n\t\t\t\t<\/div>\n\t\t\t\t\t<\/div>\n\t\t\t\t<\/div>\n\t\t<div class=\"elementor-element elementor-element-4a67fea e-flex e-con-boxed e-con e-parent\" data-id=\"4a67fea\" data-element_type=\"container\" data-e-type=\"container\">\n\t\t\t\t\t<div class=\"e-con-inner\">\n\t\t\t\t<div class=\"elementor-element elementor-element-44ffaf5 elementor-widget__width-initial elementor-widget elementor-widget-heading\" data-id=\"44ffaf5\" data-element_type=\"widget\" data-e-type=\"widget\" data-widget_type=\"heading.default\">\n\t\t\t\t<div class=\"elementor-widget-container\">\n\t\t\t\t\t<h2 class=\"elementor-heading-title elementor-size-default\">Consulter notre catalogue<\/h2>\t\t\t\t<\/div>\n\t\t\t\t<\/div>\n\t\t\t\t\t<\/div>\n\t\t\t\t<\/div>\n\t\t<div class=\"elementor-element elementor-element-e88fba3 e-flex e-con-boxed e-con e-parent\" data-id=\"e88fba3\" data-element_type=\"container\" data-e-type=\"container\">\n\t\t\t\t\t<div class=\"e-con-inner\">\n\t\t\t\t<div class=\"elementor-element elementor-element-e784bf2 elementor-widget elementor-widget-shortcode\" data-id=\"e784bf2\" data-element_type=\"widget\" data-e-type=\"widget\" data-widget_type=\"shortcode.default\">\n\t\t\t\t<div class=\"elementor-widget-container\">\n\t\t\t\t\t\t\t<div class=\"elementor-shortcode\"><div class=\"_df_book df-lite\" id=\"df_1418\"  _slug=\"wallart-marble\" data-title=\"wallart-marble\" wpoptions=\"true\" thumbtype=\"\" ><\/div><script class=\"df-shortcode-script\" nowprocket type=\"application\/javascript\">window.option_df_1418 = {\"outline\":[],\"autoEnableOutline\":\"false\",\"autoEnableThumbnail\":\"false\",\"overwritePDFOutline\":\"false\",\"direction\":\"1\",\"pageSize\":\"0\",\"source\":\"https:\\\/\\\/wallartcompany.be\\\/wp-content\\\/uploads\\\/2025\\\/10\\\/WALLART-Marble-Booklet.pdf\",\"wpOptions\":\"true\"}; if(window.DFLIP && window.DFLIP.parseBooks){window.DFLIP.parseBooks();}<\/script><\/div>\n\t\t\t\t\t\t<\/div>\n\t\t\t\t<\/div>\n\t\t\t\t\t<\/div>\n\t\t\t\t<\/div>\n\t\t<div class=\"elementor-element elementor-element-7c402d7 e-flex e-con-boxed e-con e-parent\" data-id=\"7c402d7\" data-element_type=\"container\" data-e-type=\"container\">\n\t\t\t\t\t<div class=\"e-con-inner\">\n\t\t\t\t<div class=\"elementor-element elementor-element-7a662a9 elementor-widget elementor-widget-shortcode\" data-id=\"7a662a9\" data-element_type=\"widget\" data-e-type=\"widget\" data-widget_type=\"shortcode.default\">\n\t\t\t\t<div class=\"elementor-widget-container\">\n\t\t\t\t\t\t\t<div class=\"elementor-shortcode\"><div class=\"_df_book df-lite\" id=\"df_1515\"  _slug=\"wallart-marble2\" data-title=\"wallart-marble2\" wpoptions=\"true\" thumbtype=\"\" ><\/div><script class=\"df-shortcode-script\" nowprocket type=\"application\/javascript\">window.option_df_1515 = {\"outline\":[],\"autoEnableOutline\":\"false\",\"autoEnableThumbnail\":\"false\",\"overwritePDFOutline\":\"false\",\"direction\":\"1\",\"pageSize\":\"0\",\"source\":\"https:\\\/\\\/wallartcompany.be\\\/wp-content\\\/uploads\\\/2025\\\/10\\\/WALLART-MARBLE-CATALOGUE.pdf\",\"wpOptions\":\"true\"}; if(window.DFLIP && window.DFLIP.parseBooks){window.DFLIP.parseBooks();}<\/script><\/div>\n\t\t\t\t\t\t<\/div>\n\t\t\t\t<\/div>\n\t\t\t\t\t<\/div>\n\t\t\t\t<\/div>\n\t\t\t\t<\/div>","protected":false},"excerpt":{"rendered":"<p>De la Nature \u00e0 l\u2019Art \u2013 Le Marbre R\u00e9invent\u00e9 par WALLART Chez WALLART, chaque surface raconte une histoire. Inspir\u00e9s par la beaut\u00e9 brute de la nature, nous sublimons le marbre et la porcelaine pour cr\u00e9er des espaces d\u2019une \u00e9l\u00e9gance intemporelle. Nos collections associent l\u2019esth\u00e9tique du marbre naturel \u00e0 la durabilit\u00e9 du gr\u00e8s c\u00e9rame, offrant des [&hellip;]<\/p>\n","protected":false},"author":1,"featured_media":0,"parent":0,"menu_order":0,"comment_status":"closed","ping_status":"closed","template":"elementor_header_footer","meta":{"footnotes":""},"class_list":["post-1412","page","type-page","status-publish","hentry"],"_links":{"self":[{"href":"https:\/\/wallartcompany.be\/nl\/wp-json\/wp\/v2\/pages\/1412","targetHints":{"allow":["GET"]}}],"collection":[{"href":"https:\/\/wallartcompany.be\/nl\/wp-json\/wp\/v2\/pages"}],"about":[{"href":"https:\/\/wallartcompany.be\/nl\/wp-json\/wp\/v2\/types\/page"}],"author":[{"embeddable":true,"href":"https:\/\/wallartcompany.be\/nl\/wp-json\/wp\/v2\/users\/1"}],"replies":[{"embeddable":true,"href":"https:\/\/wallartcompany.be\/nl\/wp-json\/wp\/v2\/comments?post=1412"}],"version-history":[{"count":16,"href":"https:\/\/wallartcompany.be\/nl\/wp-json\/wp\/v2\/pages\/1412\/revisions"}],"predecessor-version":[{"id":1520,"href":"https:\/\/wallartcompany.be\/nl\/wp-json\/wp\/v2\/pages\/1412\/revisions\/1520"}],"wp:attachment":[{"href":"https:\/\/wallartcompany.be\/nl\/wp-json\/wp\/v2\/media?parent=1412"}],"curies":[{"name":"wp","href":"https:\/\/api.w.org\/{rel}","templated":true}]}}