{"id":257,"date":"2025-04-10T10:57:33","date_gmt":"2025-04-10T10:57:33","guid":{"rendered":"http:\/\/wallartcompany.be\/?page_id=257"},"modified":"2025-10-16T12:09:39","modified_gmt":"2025-10-16T12:09:39","slug":"cloisons-amovibles","status":"publish","type":"page","link":"https:\/\/wallartcompany.be\/nl\/cloisons-amovibles\/","title":{"rendered":"Verplaatsbare scheidingswanden"},"content":{"rendered":"<div data-elementor-type=\"wp-page\" data-elementor-id=\"257\" class=\"elementor elementor-257\" data-elementor-post-type=\"page\">\n\t\t\t\t<div class=\"elementor-element elementor-element-748a7f3 e-flex e-con-boxed e-con e-parent\" data-id=\"748a7f3\" data-element_type=\"container\" data-e-type=\"container\" data-settings=\"{&quot;background_background&quot;:&quot;classic&quot;}\">\n\t\t\t\t\t<div class=\"e-con-inner\">\n\t\t\t\t<div class=\"elementor-element elementor-element-6dfb69e elementor-widget elementor-widget-heading\" data-id=\"6dfb69e\" data-element_type=\"widget\" data-e-type=\"widget\" data-widget_type=\"heading.default\">\n\t\t\t\t<div class=\"elementor-widget-container\">\n\t\t\t\t\t<h2 class=\"elementor-heading-title elementor-size-default\">Verplaatsbare wanden WALLART\n<\/h2>\t\t\t\t<\/div>\n\t\t\t\t<\/div>\n\t\t\t\t<div class=\"elementor-element elementor-element-8bfd4d5 elementor-widget elementor-widget-text-editor\" data-id=\"8bfd4d5\" data-element_type=\"widget\" data-e-type=\"widget\" data-widget_type=\"text-editor.default\">\n\t\t\t\t<div class=\"elementor-widget-container\">\n\t\t\t\t\t\t\t\t\t<p>De modulaire wanden van WALLART bieden verschillende conceptuele mogelijkheden waarmee de ruimte van een bedrijf kan worden georganiseerd, rekening houdend met de eisen van elke werkplek die het vormt. Deze wanden bieden ook veel flexibiliteit en onderscheiden zich op esthetisch gebied, terwijl ze technische eigenschappen bieden zoals akoestische en brandwerende eigenschappen.<\/p>\t\t\t\t\t\t\t\t<\/div>\n\t\t\t\t<\/div>\n\t\t\t\t\t<\/div>\n\t\t\t\t<\/div>\n\t\t<div class=\"elementor-element elementor-element-4a67fea e-flex e-con-boxed e-con e-parent\" data-id=\"4a67fea\" data-element_type=\"container\" data-e-type=\"container\">\n\t\t\t\t\t<div class=\"e-con-inner\">\n\t\t\t\t<div class=\"elementor-element elementor-element-44ffaf5 elementor-widget__width-initial elementor-widget elementor-widget-heading\" data-id=\"44ffaf5\" data-element_type=\"widget\" data-e-type=\"widget\" data-widget_type=\"heading.default\">\n\t\t\t\t<div class=\"elementor-widget-container\">\n\t\t\t\t\t<h2 class=\"elementor-heading-title elementor-size-default\">WALLART biedt momenteel 3 soorten verplaatsbare wanden aan:<\/h2>\t\t\t\t<\/div>\n\t\t\t\t<\/div>\n\t\t\t\t<div class=\"elementor-element elementor-element-874763b eael-fg-hoverer-content-align-left elementor-widget elementor-widget-eael-filterable-gallery\" data-id=\"874763b\" data-element_type=\"widget\" data-e-type=\"widget\" data-settings=\"{&quot;pagination&quot;:&quot;false&quot;}\" data-widget_type=\"eael-filterable-gallery.default\">\n\t\t\t\t<div class=\"elementor-widget-container\">\n\t\t\t\t\t<style id=\"eael-fg-inline-css-874763b\">@media only screen and (max-width: 2399px) {\n\t\t\t\t\t.elementor-element.elementor-element-874763b .eael-filterable-gallery-item-wrap {\n\t\t\t\t\t        width: 33.333333333333%;\n\t\t\t\t\t    }\n\t\t\t\t\t}@media only screen and (max-width: 1024px) {\n\t\t\t\t\t.elementor-element.elementor-element-874763b  .eael-filterable-gallery-item-wrap {\n\t\t\t\t\t        width: 50%;\n\t\t\t\t\t    }\n\t\t\t\t\t}@media only screen and (max-width: 767px) {\n\t\t\t\t\t.elementor-element.elementor-element-874763b  .eael-filterable-gallery-item-wrap {\n\t\t\t\t\t        width: 100%;\n\t\t\t\t\t    }\n\t\t\t\t\t}<\/style>        <div id=\"eael-filter-gallery-wrapper-874763b\" class=\"eael-filter-gallery-wrapper\" data-layout-mode=\"hoverer\" data-breakpoints=\"{&quot;mobile&quot;:{&quot;label&quot;:&quot;Mobile Portrait&quot;,&quot;value&quot;:767,&quot;default_value&quot;:767,&quot;direction&quot;:&quot;max&quot;,&quot;is_enabled&quot;:true},&quot;mobile_extra&quot;:{&quot;label&quot;:&quot;Mobile Landscape&quot;,&quot;value&quot;:880,&quot;default_value&quot;:880,&quot;direction&quot;:&quot;max&quot;,&quot;is_enabled&quot;:false},&quot;tablet&quot;:{&quot;label&quot;:&quot;Tablet Portrait&quot;,&quot;value&quot;:1024,&quot;default_value&quot;:1024,&quot;direction&quot;:&quot;max&quot;,&quot;is_enabled&quot;:true},&quot;tablet_extra&quot;:{&quot;label&quot;:&quot;Tablet Landscape&quot;,&quot;value&quot;:1200,&quot;default_value&quot;:1200,&quot;direction&quot;:&quot;max&quot;,&quot;is_enabled&quot;:false},&quot;laptop&quot;:{&quot;label&quot;:&quot;Laptop&quot;,&quot;value&quot;:1366,&quot;default_value&quot;:1366,&quot;direction&quot;:&quot;max&quot;,&quot;is_enabled&quot;:false},&quot;widescreen&quot;:{&quot;label&quot;:&quot;Widescreen&quot;,&quot;value&quot;:2400,&quot;default_value&quot;:2400,&quot;direction&quot;:&quot;min&quot;,&quot;is_enabled&quot;:false}}\" data-default_control_key=\"0\" data-custom_default_control=\"\">\n                        <div class=\"eael-filter-gallery-control\">\n                <ul><li data-load-more-status=\"0\" data-first-init=\"1\" class=\"control all-control  active\" data-filter=\"*\">    <\/li><li  data-load-more-status=\"0\" data-first-init=\"0\"\n                        class=\"control\" data-filter=\".eael-cf-\"><\/li><\/ul>\n            <\/div>\n                    <div class=\"eael-filter-gallery-container eael-filter-gallery-grid\" data-images-per-page=\"\" data-total-gallery-items=\"3\" data-nomore-item-text=\"\" data-is-randomize=\"no\" data-settings=\"{&quot;grid_style&quot;:&quot;grid&quot;,&quot;popup&quot;:&quot;buttons&quot;,&quot;duration&quot;:500,&quot;gallery_enabled&quot;:&quot;&quot;,&quot;video_gallery_yt_privacy&quot;:&quot;&quot;,&quot;control_all_text&quot;:&quot;    &quot;,&quot;post_id&quot;:257,&quot;widget_id&quot;:&quot;874763b&quot;}\" data-search-all=\"\" data-gallery-items=\"WyI8ZGl2IGNsYXNzPVwiZWFlbC1maWx0ZXJhYmxlLWdhbGxlcnktaXRlbS13cmFwXCI+XG5cdFx0XHRcdDxkaXYgY2xhc3M9XCJlYWVsLWdhbGxlcnktZ3JpZC1pdGVtXCI+PGEgaHJlZj1cImh0dHA6XC9cL3dhbGxhcnRjb21wYW55LmJlXC9saWdodDRcL1wiPjxkaXYgY2xhc3M9XCJnYWxsZXJ5LWl0ZW0tdGh1bWJuYWlsLXdyYXBcIj48aW1nIHdpZHRoPVwiMjI1XCIgaGVpZ2h0PVwiMzAwXCIgc3JjPVwiaHR0cHM6XC9cL3dhbGxhcnRjb21wYW55LmJlXC93cC1jb250ZW50XC91cGxvYWRzXC8yMDI1XC8wNFwvbGlnaHQtNC0yMjV4MzAwLmpwZ1wiIGNsYXNzPVwiYXR0YWNobWVudC1tZWRpdW0gc2l6ZS1tZWRpdW0gd3AtaW1hZ2UtMjY3XCIgYWx0PVwiXCIgc3Jjc2V0PVwiaHR0cHM6XC9cL3dhbGxhcnRjb21wYW55LmJlXC93cC1jb250ZW50XC91cGxvYWRzXC8yMDI1XC8wNFwvbGlnaHQtNC0yMjV4MzAwLmpwZyAyMjV3LCBodHRwczpcL1wvd2FsbGFydGNvbXBhbnkuYmVcL3dwLWNvbnRlbnRcL3VwbG9hZHNcLzIwMjVcLzA0XC9saWdodC00LTc2OHgxMDI0LmpwZyA3Njh3LCBodHRwczpcL1wvd2FsbGFydGNvbXBhbnkuYmVcL3dwLWNvbnRlbnRcL3VwbG9hZHNcLzIwMjVcLzA0XC9saWdodC00LTExNTJ4MTUzNi5qcGcgMTE1MncsIGh0dHBzOlwvXC93YWxsYXJ0Y29tcGFueS5iZVwvd3AtY29udGVudFwvdXBsb2Fkc1wvMjAyNVwvMDRcL2xpZ2h0LTQtMTUzNngyMDQ4LmpwZyAxNTM2dywgaHR0cHM6XC9cL3dhbGxhcnRjb21wYW55LmJlXC93cC1jb250ZW50XC91cGxvYWRzXC8yMDI1XC8wNFwvbGlnaHQtNC1zY2FsZWQuanBnIDE5MjB3XCIgc2l6ZXM9XCIobWF4LXdpZHRoOiAyMjVweCkgMTAwdncsIDIyNXB4XCIgXC8+PFwvZGl2PjxkaXYgY2xhc3M9XCJnYWxsZXJ5LWl0ZW0tY2FwdGlvbi13cmFwIGNhcHRpb24tc3R5bGUtaG92ZXJlciBlYWVsLXNsaWRlLXVwXCI+PGRpdiBjbGFzcz1cImdhbGxlcnktaXRlbS1ob3ZlcmVyLWJnXCI+PFwvZGl2PjxkaXYgY2xhc3M9XCJnYWxsZXJ5LWl0ZW0tY2FwdGlvbi1vdmVyXCI+PGgyIGNsYXNzPVwiZmctaXRlbS10aXRsZVwiPlBsdXMgZCdpbmZvczxcL2gyPjxcL2Rpdj48XC9kaXY+PFwvYT48XC9kaXY+PFwvZGl2PiIsIjxkaXYgY2xhc3M9XCJlYWVsLWZpbHRlcmFibGUtZ2FsbGVyeS1pdGVtLXdyYXAgZWFlbC1jZi1ibXctbW90b3JzXCI+XG5cdFx0XHRcdDxkaXYgY2xhc3M9XCJlYWVsLWdhbGxlcnktZ3JpZC1pdGVtXCI+PGEgaHJlZj1cImh0dHA6XC9cL3dhbGxhcnRjb21wYW55LmJlXC9saWdodDEwXC9cIj48ZGl2IGNsYXNzPVwiZ2FsbGVyeS1pdGVtLXRodW1ibmFpbC13cmFwXCI+PGltZyB3aWR0aD1cIjIyNVwiIGhlaWdodD1cIjMwMFwiIHNyYz1cImh0dHBzOlwvXC93YWxsYXJ0Y29tcGFueS5iZVwvd3AtY29udGVudFwvdXBsb2Fkc1wvMjAyNVwvMDRcL2xpZ2h0LTEwLTIyNXgzMDAuanBnXCIgY2xhc3M9XCJhdHRhY2htZW50LW1lZGl1bSBzaXplLW1lZGl1bSB3cC1pbWFnZS0yNjZcIiBhbHQ9XCJcIiBzcmNzZXQ9XCJodHRwczpcL1wvd2FsbGFydGNvbXBhbnkuYmVcL3dwLWNvbnRlbnRcL3VwbG9hZHNcLzIwMjVcLzA0XC9saWdodC0xMC0yMjV4MzAwLmpwZyAyMjV3LCBodHRwczpcL1wvd2FsbGFydGNvbXBhbnkuYmVcL3dwLWNvbnRlbnRcL3VwbG9hZHNcLzIwMjVcLzA0XC9saWdodC0xMC03Njh4MTAyNC5qcGcgNzY4dywgaHR0cHM6XC9cL3dhbGxhcnRjb21wYW55LmJlXC93cC1jb250ZW50XC91cGxvYWRzXC8yMDI1XC8wNFwvbGlnaHQtMTAtMTE1MngxNTM2LmpwZyAxMTUydywgaHR0cHM6XC9cL3dhbGxhcnRjb21wYW55LmJlXC93cC1jb250ZW50XC91cGxvYWRzXC8yMDI1XC8wNFwvbGlnaHQtMTAtMTUzNngyMDQ4LmpwZyAxNTM2dywgaHR0cHM6XC9cL3dhbGxhcnRjb21wYW55LmJlXC93cC1jb250ZW50XC91cGxvYWRzXC8yMDI1XC8wNFwvbGlnaHQtMTAtc2NhbGVkLmpwZyAxOTIwd1wiIHNpemVzPVwiKG1heC13aWR0aDogMjI1cHgpIDEwMHZ3LCAyMjVweFwiIFwvPjxcL2Rpdj48ZGl2IGNsYXNzPVwiZ2FsbGVyeS1pdGVtLWNhcHRpb24td3JhcCBjYXB0aW9uLXN0eWxlLWhvdmVyZXIgZWFlbC1zbGlkZS11cFwiPjxkaXYgY2xhc3M9XCJnYWxsZXJ5LWl0ZW0taG92ZXJlci1iZ1wiPjxcL2Rpdj48ZGl2IGNsYXNzPVwiZ2FsbGVyeS1pdGVtLWNhcHRpb24tb3ZlclwiPjxoMiBjbGFzcz1cImZnLWl0ZW0tdGl0bGVcIj5QbHVzIGQnaW5mb3M8XC9oMj48XC9kaXY+PFwvZGl2PjxcL2E+PFwvZGl2PjxcL2Rpdj4iLCI8ZGl2IGNsYXNzPVwiZWFlbC1maWx0ZXJhYmxlLWdhbGxlcnktaXRlbS13cmFwXCI+XG5cdFx0XHRcdDxkaXYgY2xhc3M9XCJlYWVsLWdhbGxlcnktZ3JpZC1pdGVtXCI+PGEgaHJlZj1cImh0dHA6XC9cL3dhbGxhcnRjb21wYW55LmJlXC9mdWxsd2FsbDEwXC9cIj48ZGl2IGNsYXNzPVwiZ2FsbGVyeS1pdGVtLXRodW1ibmFpbC13cmFwXCI+PGltZyB3aWR0aD1cIjIyNVwiIGhlaWdodD1cIjMwMFwiIHNyYz1cImh0dHBzOlwvXC93YWxsYXJ0Y29tcGFueS5iZVwvd3AtY29udGVudFwvdXBsb2Fkc1wvMjAyNVwvMDRcL2Z1bGx3YWxsMTAtMjI1eDMwMC5qcGdcIiBjbGFzcz1cImF0dGFjaG1lbnQtbWVkaXVtIHNpemUtbWVkaXVtIHdwLWltYWdlLTI2NVwiIGFsdD1cIlwiIHNyY3NldD1cImh0dHBzOlwvXC93YWxsYXJ0Y29tcGFueS5iZVwvd3AtY29udGVudFwvdXBsb2Fkc1wvMjAyNVwvMDRcL2Z1bGx3YWxsMTAtMjI1eDMwMC5qcGcgMjI1dywgaHR0cHM6XC9cL3dhbGxhcnRjb21wYW55LmJlXC93cC1jb250ZW50XC91cGxvYWRzXC8yMDI1XC8wNFwvZnVsbHdhbGwxMC03Njh4MTAyNC5qcGcgNzY4dywgaHR0cHM6XC9cL3dhbGxhcnRjb21wYW55LmJlXC93cC1jb250ZW50XC91cGxvYWRzXC8yMDI1XC8wNFwvZnVsbHdhbGwxMC0xMTUyeDE1MzYuanBnIDExNTJ3LCBodHRwczpcL1wvd2FsbGFydGNvbXBhbnkuYmVcL3dwLWNvbnRlbnRcL3VwbG9hZHNcLzIwMjVcLzA0XC9mdWxsd2FsbDEwLTE1MzZ4MjA0OC5qcGcgMTUzNncsIGh0dHBzOlwvXC93YWxsYXJ0Y29tcGFueS5iZVwvd3AtY29udGVudFwvdXBsb2Fkc1wvMjAyNVwvMDRcL2Z1bGx3YWxsMTAtc2NhbGVkLmpwZyAxOTIwd1wiIHNpemVzPVwiKG1heC13aWR0aDogMjI1cHgpIDEwMHZ3LCAyMjVweFwiIFwvPjxcL2Rpdj48ZGl2IGNsYXNzPVwiZ2FsbGVyeS1pdGVtLWNhcHRpb24td3JhcCBjYXB0aW9uLXN0eWxlLWhvdmVyZXIgZWFlbC1zbGlkZS11cFwiPjxkaXYgY2xhc3M9XCJnYWxsZXJ5LWl0ZW0taG92ZXJlci1iZ1wiPjxcL2Rpdj48ZGl2IGNsYXNzPVwiZ2FsbGVyeS1pdGVtLWNhcHRpb24tb3ZlclwiPjxoMiBjbGFzcz1cImZnLWl0ZW0tdGl0bGVcIj5QbHVzIGQnaW5mb3M8XC9oMj48XC9kaXY+PFwvZGl2PjxcL2E+PFwvZGl2PjxcL2Rpdj4iXQ==\" data-init-show=\"180\">\n            <div class=\"eael-filterable-gallery-item-wrap\">\n\t\t\t\t<div class=\"eael-gallery-grid-item\"><a href=\"http:\/\/wallartcompany.be\/nl\/light4\/\"><div class=\"gallery-item-thumbnail-wrap\"><img fetchpriority=\"high\" decoding=\"async\" width=\"225\" height=\"300\" src=\"https:\/\/wallartcompany.be\/wp-content\/uploads\/2025\/04\/light-4-225x300.jpg\" class=\"attachment-medium size-medium wp-image-267\" alt=\"\" srcset=\"https:\/\/wallartcompany.be\/wp-content\/uploads\/2025\/04\/light-4-225x300.jpg 225w, https:\/\/wallartcompany.be\/wp-content\/uploads\/2025\/04\/light-4-768x1024.jpg 768w, https:\/\/wallartcompany.be\/wp-content\/uploads\/2025\/04\/light-4-1152x1536.jpg 1152w, https:\/\/wallartcompany.be\/wp-content\/uploads\/2025\/04\/light-4-1536x2048.jpg 1536w, https:\/\/wallartcompany.be\/wp-content\/uploads\/2025\/04\/light-4-scaled.jpg 1920w\" sizes=\"(max-width: 225px) 100vw, 225px\" \/><\/div><div class=\"gallery-item-caption-wrap caption-style-hoverer eael-slide-up\"><div class=\"gallery-item-hoverer-bg\"><\/div><div class=\"gallery-item-caption-over\"><h2 class=\"fg-item-title\">Plus d'infos<\/h2><\/div><\/div><\/a><\/div><\/div><div class=\"eael-filterable-gallery-item-wrap eael-cf-bmw-motors\">\n\t\t\t\t<div class=\"eael-gallery-grid-item\"><a href=\"http:\/\/wallartcompany.be\/nl\/light10\/\"><div class=\"gallery-item-thumbnail-wrap\"><img decoding=\"async\" width=\"225\" height=\"300\" src=\"https:\/\/wallartcompany.be\/wp-content\/uploads\/2025\/04\/light-10-225x300.jpg\" class=\"attachment-medium size-medium wp-image-266\" alt=\"\" srcset=\"https:\/\/wallartcompany.be\/wp-content\/uploads\/2025\/04\/light-10-225x300.jpg 225w, https:\/\/wallartcompany.be\/wp-content\/uploads\/2025\/04\/light-10-768x1024.jpg 768w, https:\/\/wallartcompany.be\/wp-content\/uploads\/2025\/04\/light-10-1152x1536.jpg 1152w, https:\/\/wallartcompany.be\/wp-content\/uploads\/2025\/04\/light-10-1536x2048.jpg 1536w, https:\/\/wallartcompany.be\/wp-content\/uploads\/2025\/04\/light-10-scaled.jpg 1920w\" sizes=\"(max-width: 225px) 100vw, 225px\" \/><\/div><div class=\"gallery-item-caption-wrap caption-style-hoverer eael-slide-up\"><div class=\"gallery-item-hoverer-bg\"><\/div><div class=\"gallery-item-caption-over\"><h2 class=\"fg-item-title\">Plus d'infos<\/h2><\/div><\/div><\/a><\/div><\/div><div class=\"eael-filterable-gallery-item-wrap\">\n\t\t\t\t<div class=\"eael-gallery-grid-item\"><a href=\"http:\/\/wallartcompany.be\/nl\/fullwall10\/\"><div class=\"gallery-item-thumbnail-wrap\"><img decoding=\"async\" width=\"225\" height=\"300\" src=\"https:\/\/wallartcompany.be\/wp-content\/uploads\/2025\/04\/fullwall10-225x300.jpg\" class=\"attachment-medium size-medium wp-image-265\" alt=\"\" srcset=\"https:\/\/wallartcompany.be\/wp-content\/uploads\/2025\/04\/fullwall10-225x300.jpg 225w, https:\/\/wallartcompany.be\/wp-content\/uploads\/2025\/04\/fullwall10-768x1024.jpg 768w, https:\/\/wallartcompany.be\/wp-content\/uploads\/2025\/04\/fullwall10-1152x1536.jpg 1152w, https:\/\/wallartcompany.be\/wp-content\/uploads\/2025\/04\/fullwall10-1536x2048.jpg 1536w, https:\/\/wallartcompany.be\/wp-content\/uploads\/2025\/04\/fullwall10-scaled.jpg 1920w\" sizes=\"(max-width: 225px) 100vw, 225px\" \/><\/div><div class=\"gallery-item-caption-wrap caption-style-hoverer eael-slide-up\"><div class=\"gallery-item-hoverer-bg\"><\/div><div class=\"gallery-item-caption-over\"><h2 class=\"fg-item-title\">Plus d'infos<\/h2><\/div><\/div><\/a><\/div><\/div>        <\/div>\n                <\/div>\n        \n        \t\t\t\t<\/div>\n\t\t\t\t<\/div>\n\t\t\t\t\t<\/div>\n\t\t\t\t<\/div>\n\t\t\t\t<\/div>","protected":false},"excerpt":{"rendered":"<p>Cloisons Amovibles WALLART Les cloisons modulaires WALLART offrent des possibilit\u00e9s conceptuelles vari\u00e9es qui permettent d&rsquo;organiser l&rsquo;espace d&rsquo;une entreprise en int\u00e9grant les contraintes de chaque poste de travail qui la compose. Ces cloisons offrent \u00e9galement une grande flexibilit\u00e9 et se distinguent en terme d&rsquo;esth\u00e9tique tout en offrant des qualit\u00e9s plus techniques comme des propri\u00e9t\u00e9s acoustiques et [&hellip;]<\/p>\n","protected":false},"author":1,"featured_media":0,"parent":0,"menu_order":0,"comment_status":"closed","ping_status":"closed","template":"elementor_header_footer","meta":{"footnotes":""},"class_list":["post-257","page","type-page","status-publish","hentry"],"_links":{"self":[{"href":"https:\/\/wallartcompany.be\/nl\/wp-json\/wp\/v2\/pages\/257","targetHints":{"allow":["GET"]}}],"collection":[{"href":"https:\/\/wallartcompany.be\/nl\/wp-json\/wp\/v2\/pages"}],"about":[{"href":"https:\/\/wallartcompany.be\/nl\/wp-json\/wp\/v2\/types\/page"}],"author":[{"embeddable":true,"href":"https:\/\/wallartcompany.be\/nl\/wp-json\/wp\/v2\/users\/1"}],"replies":[{"embeddable":true,"href":"https:\/\/wallartcompany.be\/nl\/wp-json\/wp\/v2\/comments?post=257"}],"version-history":[{"count":1,"href":"https:\/\/wallartcompany.be\/nl\/wp-json\/wp\/v2\/pages\/257\/revisions"}],"predecessor-version":[{"id":1488,"href":"https:\/\/wallartcompany.be\/nl\/wp-json\/wp\/v2\/pages\/257\/revisions\/1488"}],"wp:attachment":[{"href":"https:\/\/wallartcompany.be\/nl\/wp-json\/wp\/v2\/media?parent=257"}],"curies":[{"name":"wp","href":"https:\/\/api.w.org\/{rel}","templated":true}]}}