{"id":370,"date":"2025-04-10T13:38:16","date_gmt":"2025-04-10T13:38:16","guid":{"rendered":"http:\/\/wallartcompany.be\/?page_id=370"},"modified":"2025-04-10T13:53:48","modified_gmt":"2025-04-10T13:53:48","slug":"fullwall10","status":"publish","type":"page","link":"https:\/\/wallartcompany.be\/nl\/fullwall10\/","title":{"rendered":"Fullwall10"},"content":{"rendered":"<div data-elementor-type=\"wp-page\" data-elementor-id=\"370\" class=\"elementor elementor-370\" data-elementor-post-type=\"page\">\n\t\t\t\t<div class=\"elementor-element elementor-element-748a7f3 e-flex e-con-boxed e-con e-parent\" data-id=\"748a7f3\" data-element_type=\"container\" data-e-type=\"container\" data-settings=\"{&quot;background_background&quot;:&quot;classic&quot;}\">\n\t\t\t\t\t<div class=\"e-con-inner\">\n\t\t\t\t<div class=\"elementor-element elementor-element-6dfb69e elementor-widget elementor-widget-heading\" data-id=\"6dfb69e\" data-element_type=\"widget\" data-e-type=\"widget\" data-widget_type=\"heading.default\">\n\t\t\t\t<div class=\"elementor-widget-container\">\n\t\t\t\t\t<h2 class=\"elementor-heading-title elementor-size-default\">Modulaire Scheidingswanden FULLWALL10\n<\/h2>\t\t\t\t<\/div>\n\t\t\t\t<\/div>\n\t\t\t\t\t<\/div>\n\t\t\t\t<\/div>\n\t\t<div class=\"elementor-element elementor-element-4a67fea e-flex e-con-boxed e-con e-parent\" data-id=\"4a67fea\" data-element_type=\"container\" data-e-type=\"container\">\n\t\t\t\t\t<div class=\"e-con-inner\">\n\t\t<div class=\"elementor-element elementor-element-79abf4e e-con-full e-flex e-con e-child\" data-id=\"79abf4e\" data-element_type=\"container\" data-e-type=\"container\">\n\t\t\t\t<div class=\"elementor-element elementor-element-9ff13c9 elementor-widget elementor-widget-image\" data-id=\"9ff13c9\" data-element_type=\"widget\" data-e-type=\"widget\" data-widget_type=\"image.default\">\n\t\t\t\t<div class=\"elementor-widget-container\">\n\t\t\t\t\t\t\t\t\t\t\t\t\t\t\t<img fetchpriority=\"high\" decoding=\"async\" width=\"1920\" height=\"2560\" src=\"https:\/\/wallartcompany.be\/wp-content\/uploads\/2025\/04\/IMG_20200819_163749-scaled.jpg\" class=\"attachment-full size-full wp-image-375\" alt=\"\" srcset=\"https:\/\/wallartcompany.be\/wp-content\/uploads\/2025\/04\/IMG_20200819_163749-scaled.jpg 1920w, https:\/\/wallartcompany.be\/wp-content\/uploads\/2025\/04\/IMG_20200819_163749-225x300.jpg 225w, https:\/\/wallartcompany.be\/wp-content\/uploads\/2025\/04\/IMG_20200819_163749-768x1024.jpg 768w, https:\/\/wallartcompany.be\/wp-content\/uploads\/2025\/04\/IMG_20200819_163749-1152x1536.jpg 1152w, https:\/\/wallartcompany.be\/wp-content\/uploads\/2025\/04\/IMG_20200819_163749-1536x2048.jpg 1536w\" sizes=\"(max-width: 1920px) 100vw, 1920px\" \/>\t\t\t\t\t\t\t\t\t\t\t\t\t\t\t<\/div>\n\t\t\t\t<\/div>\n\t\t<div class=\"elementor-element elementor-element-0d467d4 e-con-full e-flex e-con e-child\" data-id=\"0d467d4\" data-element_type=\"container\" data-e-type=\"container\" data-settings=\"{&quot;background_background&quot;:&quot;classic&quot;}\">\n\t\t\t\t<div class=\"elementor-element elementor-element-cdb0ca1 elementor-widget elementor-widget-heading\" data-id=\"cdb0ca1\" data-element_type=\"widget\" data-e-type=\"widget\" data-widget_type=\"heading.default\">\n\t\t\t\t<div class=\"elementor-widget-container\">\n\t\t\t\t\t<h2 class=\"elementor-heading-title elementor-size-default\">Productinformatie<\/h2>\t\t\t\t<\/div>\n\t\t\t\t<\/div>\n\t\t<div class=\"elementor-element elementor-element-7517d8f e-con-full e-flex e-con e-child\" data-id=\"7517d8f\" data-element_type=\"container\" data-e-type=\"container\">\n\t\t\t\t<div class=\"elementor-element elementor-element-b372fdf elementor-icon-list--layout-traditional elementor-list-item-link-full_width elementor-widget elementor-widget-icon-list\" data-id=\"b372fdf\" data-element_type=\"widget\" data-e-type=\"widget\" data-widget_type=\"icon-list.default\">\n\t\t\t\t<div class=\"elementor-widget-container\">\n\t\t\t\t\t\t\t<ul class=\"elementor-icon-list-items\">\n\t\t\t\t\t\t\t<li class=\"elementor-icon-list-item\">\n\t\t\t\t\t\t\t\t\t\t<span class=\"elementor-icon-list-text\">Naam:<\/span>\n\t\t\t\t\t\t\t\t\t<\/li>\n\t\t\t\t\t\t\t\t<li class=\"elementor-icon-list-item\">\n\t\t\t\t\t\t\t\t\t\t<span class=\"elementor-icon-list-text\">Categorie:<\/span>\n\t\t\t\t\t\t\t\t\t<\/li>\n\t\t\t\t\t\t\t\t<li class=\"elementor-icon-list-item\">\n\t\t\t\t\t\t\t\t\t\t<span class=\"elementor-icon-list-text\">Scheidingswand:<\/span>\n\t\t\t\t\t\t\t\t\t<\/li>\n\t\t\t\t\t\t\t\t<li class=\"elementor-icon-list-item\">\n\t\t\t\t\t\t\t\t\t\t<span class=\"elementor-icon-list-text\">Stijl:<\/span>\n\t\t\t\t\t\t\t\t\t<\/li>\n\t\t\t\t\t\t\t\t<li class=\"elementor-icon-list-item\">\n\t\t\t\t\t\t\t\t\t\t<span class=\"elementor-icon-list-text\">Profiel (dikte):<\/span>\n\t\t\t\t\t\t\t\t\t<\/li>\n\t\t\t\t\t\t\t\t<li class=\"elementor-icon-list-item\">\n\t\t\t\t\t\t\t\t\t\t<span class=\"elementor-icon-list-text\">Profiel (Materiaal):<\/span>\n\t\t\t\t\t\t\t\t\t<\/li>\n\t\t\t\t\t\t\t\t<li class=\"elementor-icon-list-item\">\n\t\t\t\t\t\t\t\t\t\t<span class=\"elementor-icon-list-text\">Kwaliteit:<\/span>\n\t\t\t\t\t\t\t\t\t<\/li>\n\t\t\t\t\t\t<\/ul>\n\t\t\t\t\t\t<\/div>\n\t\t\t\t<\/div>\n\t\t\t\t<div class=\"elementor-element elementor-element-ff5f029 elementor-align-end elementor-mobile-align-end elementor-icon-list--layout-traditional elementor-list-item-link-full_width elementor-widget elementor-widget-icon-list\" data-id=\"ff5f029\" data-element_type=\"widget\" data-e-type=\"widget\" data-widget_type=\"icon-list.default\">\n\t\t\t\t<div class=\"elementor-widget-container\">\n\t\t\t\t\t\t\t<ul class=\"elementor-icon-list-items\">\n\t\t\t\t\t\t\t<li class=\"elementor-icon-list-item\">\n\t\t\t\t\t\t\t\t\t\t<span class=\"elementor-icon-list-text\">FULLWALL10<\/span>\n\t\t\t\t\t\t\t\t\t<\/li>\n\t\t\t\t\t\t\t\t<li class=\"elementor-icon-list-item\">\n\t\t\t\t\t\t\t\t\t\t<span class=\"elementor-icon-list-text\">Verplaatsbare Wand<\/span>\n\t\t\t\t\t\t\t\t\t<\/li>\n\t\t\t\t\t\t\t\t<li class=\"elementor-icon-list-item\">\n\t\t\t\t\t\t\t\t\t\t<span class=\"elementor-icon-list-text\">Panelen met stalen structuur<\/span>\n\t\t\t\t\t\t\t\t\t<\/li>\n\t\t\t\t\t\t\t\t<li class=\"elementor-icon-list-item\">\n\t\t\t\t\t\t\t\t\t\t<span class=\"elementor-icon-list-text\">Futuristisch \/ Hedendaags<\/span>\n\t\t\t\t\t\t\t\t\t<\/li>\n\t\t\t\t\t\t\t\t<li class=\"elementor-icon-list-item\">\n\t\t\t\t\t\t\t\t\t\t<span class=\"elementor-icon-list-text\">10mm<\/span>\n\t\t\t\t\t\t\t\t\t<\/li>\n\t\t\t\t\t\t\t\t<li class=\"elementor-icon-list-item\">\n\t\t\t\t\t\t\t\t\t\t<span class=\"elementor-icon-list-text\">Aluminium<\/span>\n\t\t\t\t\t\t\t\t\t<\/li>\n\t\t\t\t\t\t\t\t<li class=\"elementor-icon-list-item\">\n\t\t\t\t\t\t\t\t\t\t<span class=\"elementor-icon-list-text\"><span style=\"color: #FFB607;font-size: 24px\">\u2605\u2605\u2605\u2605\u2605<\/span><\/span>\n\t\t\t\t\t\t\t\t\t<\/li>\n\t\t\t\t\t\t<\/ul>\n\t\t\t\t\t\t<\/div>\n\t\t\t\t<\/div>\n\t\t\t\t<\/div>\n\t\t\t\t<\/div>\n\t\t\t\t<\/div>\n\t\t\t\t<div class=\"elementor-element elementor-element-e81f155 elementor-widget elementor-widget-heading\" data-id=\"e81f155\" data-element_type=\"widget\" data-e-type=\"widget\" data-widget_type=\"heading.default\">\n\t\t\t\t<div class=\"elementor-widget-container\">\n\t\t\t\t\t<h2 class=\"elementor-heading-title elementor-size-default\">Modulaire partition met afwerking in laminaatpanelen\n<\/h2>\t\t\t\t<\/div>\n\t\t\t\t<\/div>\n\t\t\t\t<div class=\"elementor-element elementor-element-1b08b7e elementor-widget elementor-widget-text-editor\" data-id=\"1b08b7e\" data-element_type=\"widget\" data-e-type=\"widget\" data-widget_type=\"text-editor.default\">\n\t\t\t\t<div class=\"elementor-widget-container\">\n\t\t\t\t\t\t\t\t\t<p>De FULLWALL10 is een systeem van ophangpanelen.<\/p>\n<p>De structuur is van staal en de afwerkingen zijn van gelamineerde spaanplaten, met een totale dikte van 10 cm.<\/p>\n<p>De deuren die worden vervaardigd, zijn verkrijgbaar in alle afmetingen en afwerkingen naar keuze.<\/p>\n<p>Het deurframe is van aluminium.<\/p>\n<p>Het paneel is zowel in veiligheidsglas als in fineerhout met laminaten uitgevoerd.<\/p>\n<p>\u00a0<\/p>\t\t\t\t\t\t\t\t<\/div>\n\t\t\t\t<\/div>\n\t\t<div class=\"elementor-element elementor-element-7fa9ade e-con-full e-flex e-con e-child\" data-id=\"7fa9ade\" data-element_type=\"container\" data-e-type=\"container\">\n\t\t\t\t<div class=\"elementor-element elementor-element-5cd83e8 elementor-widget elementor-widget-image\" data-id=\"5cd83e8\" data-element_type=\"widget\" data-e-type=\"widget\" data-widget_type=\"image.default\">\n\t\t\t\t<div class=\"elementor-widget-container\">\n\t\t\t\t\t\t\t\t\t\t\t\t\t\t\t<img decoding=\"async\" width=\"581\" height=\"799\" src=\"https:\/\/wallartcompany.be\/wp-content\/uploads\/2025\/04\/full-m1.jpg\" class=\"attachment-large size-large wp-image-374\" alt=\"\" srcset=\"https:\/\/wallartcompany.be\/wp-content\/uploads\/2025\/04\/full-m1.jpg 581w, https:\/\/wallartcompany.be\/wp-content\/uploads\/2025\/04\/full-m1-218x300.jpg 218w\" sizes=\"(max-width: 581px) 100vw, 581px\" \/>\t\t\t\t\t\t\t\t\t\t\t\t\t\t\t<\/div>\n\t\t\t\t<\/div>\n\t\t\t\t<div class=\"elementor-element elementor-element-4b2e395 elementor-widget elementor-widget-image\" data-id=\"4b2e395\" data-element_type=\"widget\" data-e-type=\"widget\" data-widget_type=\"image.default\">\n\t\t\t\t<div class=\"elementor-widget-container\">\n\t\t\t\t\t\t\t\t\t\t\t\t\t\t\t<img decoding=\"async\" width=\"583\" height=\"790\" src=\"https:\/\/wallartcompany.be\/wp-content\/uploads\/2025\/04\/full-m2.jpg\" class=\"attachment-large size-large wp-image-373\" alt=\"\" srcset=\"https:\/\/wallartcompany.be\/wp-content\/uploads\/2025\/04\/full-m2.jpg 583w, https:\/\/wallartcompany.be\/wp-content\/uploads\/2025\/04\/full-m2-221x300.jpg 221w\" sizes=\"(max-width: 583px) 100vw, 583px\" \/>\t\t\t\t\t\t\t\t\t\t\t\t\t\t\t<\/div>\n\t\t\t\t<\/div>\n\t\t\t\t<\/div>\n\t\t\t\t<div class=\"elementor-element elementor-element-bf232f8 gallery-spacing-custom elementor-widget elementor-widget-image-gallery\" data-id=\"bf232f8\" data-element_type=\"widget\" data-e-type=\"widget\" data-widget_type=\"image-gallery.default\">\n\t\t\t\t<div class=\"elementor-widget-container\">\n\t\t\t\t\t\t\t<div class=\"elementor-image-gallery\">\n\t\t\t<div id='gallery-1' class='gallery galleryid-370 gallery-columns-3 gallery-size-medium_large'><figure class='gallery-item'>\n\t\t\t<div class='gallery-icon portrait'>\n\t\t\t\t<a data-elementor-open-lightbox=\"yes\" data-elementor-lightbox-slideshow=\"bf232f8\" data-elementor-lightbox-title=\"dav\" data-e-action-hash=\"#elementor-action%3Aaction%3Dlightbox%26settings%3DeyJpZCI6Mzg5LCJ1cmwiOiJodHRwczpcL1wvd2FsbGFydGNvbXBhbnkuYmVcL3dwLWNvbnRlbnRcL3VwbG9hZHNcLzIwMjVcLzA0XC9JTUdfMjAxODEyMTdfMDg1MzI4LXNjYWxlZC5qcGciLCJzbGlkZXNob3ciOiJiZjIzMmY4In0%3D\" href='https:\/\/wallartcompany.be\/wp-content\/uploads\/2025\/04\/IMG_20181217_085328-scaled.jpg'><img loading=\"lazy\" decoding=\"async\" width=\"768\" height=\"1024\" src=\"https:\/\/wallartcompany.be\/wp-content\/uploads\/2025\/04\/IMG_20181217_085328-768x1024.jpg\" class=\"attachment-medium_large size-medium_large\" alt=\"\" aria-describedby=\"gallery-1-389\" srcset=\"https:\/\/wallartcompany.be\/wp-content\/uploads\/2025\/04\/IMG_20181217_085328-768x1024.jpg 768w, https:\/\/wallartcompany.be\/wp-content\/uploads\/2025\/04\/IMG_20181217_085328-225x300.jpg 225w, https:\/\/wallartcompany.be\/wp-content\/uploads\/2025\/04\/IMG_20181217_085328-1152x1536.jpg 1152w, https:\/\/wallartcompany.be\/wp-content\/uploads\/2025\/04\/IMG_20181217_085328-1536x2048.jpg 1536w, https:\/\/wallartcompany.be\/wp-content\/uploads\/2025\/04\/IMG_20181217_085328-scaled.jpg 1920w\" sizes=\"(max-width: 768px) 100vw, 768px\" \/><\/a>\n\t\t\t<\/div>\n\t\t\t\t<figcaption class='wp-caption-text gallery-caption' id='gallery-1-389'>\n\t\t\t\tdav\n\t\t\t\t<\/figcaption><\/figure><figure class='gallery-item'>\n\t\t\t<div class='gallery-icon portrait'>\n\t\t\t\t<a data-elementor-open-lightbox=\"yes\" data-elementor-lightbox-slideshow=\"bf232f8\" data-elementor-lightbox-title=\"IMG_20200819_163749\" data-e-action-hash=\"#elementor-action%3Aaction%3Dlightbox%26settings%3DeyJpZCI6MzgwLCJ1cmwiOiJodHRwczpcL1wvd2FsbGFydGNvbXBhbnkuYmVcL3dwLWNvbnRlbnRcL3VwbG9hZHNcLzIwMjVcLzA0XC9JTUdfMjAyMDA4MTlfMTYzNzQ5LTEtc2NhbGVkLmpwZyIsInNsaWRlc2hvdyI6ImJmMjMyZjgifQ%3D%3D\" href='https:\/\/wallartcompany.be\/wp-content\/uploads\/2025\/04\/IMG_20200819_163749-1-scaled.jpg'><img loading=\"lazy\" decoding=\"async\" width=\"768\" height=\"1024\" src=\"https:\/\/wallartcompany.be\/wp-content\/uploads\/2025\/04\/IMG_20200819_163749-1-768x1024.jpg\" class=\"attachment-medium_large size-medium_large\" alt=\"\" srcset=\"https:\/\/wallartcompany.be\/wp-content\/uploads\/2025\/04\/IMG_20200819_163749-1-768x1024.jpg 768w, https:\/\/wallartcompany.be\/wp-content\/uploads\/2025\/04\/IMG_20200819_163749-1-225x300.jpg 225w, https:\/\/wallartcompany.be\/wp-content\/uploads\/2025\/04\/IMG_20200819_163749-1-1152x1536.jpg 1152w, https:\/\/wallartcompany.be\/wp-content\/uploads\/2025\/04\/IMG_20200819_163749-1-1536x2048.jpg 1536w, https:\/\/wallartcompany.be\/wp-content\/uploads\/2025\/04\/IMG_20200819_163749-1-scaled.jpg 1920w\" sizes=\"(max-width: 768px) 100vw, 768px\" \/><\/a>\n\t\t\t<\/div><\/figure><figure class='gallery-item'>\n\t\t\t<div class='gallery-icon portrait'>\n\t\t\t\t<a data-elementor-open-lightbox=\"yes\" data-elementor-lightbox-slideshow=\"bf232f8\" data-elementor-lightbox-title=\"IMG_20201016_145229\" data-e-action-hash=\"#elementor-action%3Aaction%3Dlightbox%26settings%3DeyJpZCI6MzgxLCJ1cmwiOiJodHRwczpcL1wvd2FsbGFydGNvbXBhbnkuYmVcL3dwLWNvbnRlbnRcL3VwbG9hZHNcLzIwMjVcLzA0XC9JTUdfMjAyMDEwMTZfMTQ1MjI5LXNjYWxlZC5qcGciLCJzbGlkZXNob3ciOiJiZjIzMmY4In0%3D\" href='https:\/\/wallartcompany.be\/wp-content\/uploads\/2025\/04\/IMG_20201016_145229-scaled.jpg'><img loading=\"lazy\" decoding=\"async\" width=\"768\" height=\"1024\" src=\"https:\/\/wallartcompany.be\/wp-content\/uploads\/2025\/04\/IMG_20201016_145229-768x1024.jpg\" class=\"attachment-medium_large size-medium_large\" alt=\"\" srcset=\"https:\/\/wallartcompany.be\/wp-content\/uploads\/2025\/04\/IMG_20201016_145229-768x1024.jpg 768w, https:\/\/wallartcompany.be\/wp-content\/uploads\/2025\/04\/IMG_20201016_145229-225x300.jpg 225w, https:\/\/wallartcompany.be\/wp-content\/uploads\/2025\/04\/IMG_20201016_145229-1152x1536.jpg 1152w, https:\/\/wallartcompany.be\/wp-content\/uploads\/2025\/04\/IMG_20201016_145229-1536x2048.jpg 1536w, https:\/\/wallartcompany.be\/wp-content\/uploads\/2025\/04\/IMG_20201016_145229-scaled.jpg 1920w\" sizes=\"(max-width: 768px) 100vw, 768px\" \/><\/a>\n\t\t\t<\/div><\/figure><figure class='gallery-item'>\n\t\t\t<div class='gallery-icon portrait'>\n\t\t\t\t<a data-elementor-open-lightbox=\"yes\" data-elementor-lightbox-slideshow=\"bf232f8\" data-elementor-lightbox-title=\"IMG_20201211_154747\" data-e-action-hash=\"#elementor-action%3Aaction%3Dlightbox%26settings%3DeyJpZCI6MzgyLCJ1cmwiOiJodHRwczpcL1wvd2FsbGFydGNvbXBhbnkuYmVcL3dwLWNvbnRlbnRcL3VwbG9hZHNcLzIwMjVcLzA0XC9JTUdfMjAyMDEyMTFfMTU0NzQ3LXNjYWxlZC5qcGciLCJzbGlkZXNob3ciOiJiZjIzMmY4In0%3D\" href='https:\/\/wallartcompany.be\/wp-content\/uploads\/2025\/04\/IMG_20201211_154747-scaled.jpg'><img loading=\"lazy\" decoding=\"async\" width=\"768\" height=\"1024\" src=\"https:\/\/wallartcompany.be\/wp-content\/uploads\/2025\/04\/IMG_20201211_154747-768x1024.jpg\" class=\"attachment-medium_large size-medium_large\" alt=\"\" srcset=\"https:\/\/wallartcompany.be\/wp-content\/uploads\/2025\/04\/IMG_20201211_154747-768x1024.jpg 768w, https:\/\/wallartcompany.be\/wp-content\/uploads\/2025\/04\/IMG_20201211_154747-225x300.jpg 225w, https:\/\/wallartcompany.be\/wp-content\/uploads\/2025\/04\/IMG_20201211_154747-1152x1536.jpg 1152w, https:\/\/wallartcompany.be\/wp-content\/uploads\/2025\/04\/IMG_20201211_154747-1536x2048.jpg 1536w, https:\/\/wallartcompany.be\/wp-content\/uploads\/2025\/04\/IMG_20201211_154747-scaled.jpg 1920w\" sizes=\"(max-width: 768px) 100vw, 768px\" \/><\/a>\n\t\t\t<\/div><\/figure><figure class='gallery-item'>\n\t\t\t<div class='gallery-icon portrait'>\n\t\t\t\t<a data-elementor-open-lightbox=\"yes\" data-elementor-lightbox-slideshow=\"bf232f8\" data-elementor-lightbox-title=\"IMG_20210104_161311\" data-e-action-hash=\"#elementor-action%3Aaction%3Dlightbox%26settings%3DeyJpZCI6MzgzLCJ1cmwiOiJodHRwczpcL1wvd2FsbGFydGNvbXBhbnkuYmVcL3dwLWNvbnRlbnRcL3VwbG9hZHNcLzIwMjVcLzA0XC9JTUdfMjAyMTAxMDRfMTYxMzExLXNjYWxlZC5qcGciLCJzbGlkZXNob3ciOiJiZjIzMmY4In0%3D\" href='https:\/\/wallartcompany.be\/wp-content\/uploads\/2025\/04\/IMG_20210104_161311-scaled.jpg'><img loading=\"lazy\" decoding=\"async\" width=\"768\" height=\"1024\" src=\"https:\/\/wallartcompany.be\/wp-content\/uploads\/2025\/04\/IMG_20210104_161311-768x1024.jpg\" class=\"attachment-medium_large size-medium_large\" alt=\"\" srcset=\"https:\/\/wallartcompany.be\/wp-content\/uploads\/2025\/04\/IMG_20210104_161311-768x1024.jpg 768w, https:\/\/wallartcompany.be\/wp-content\/uploads\/2025\/04\/IMG_20210104_161311-225x300.jpg 225w, https:\/\/wallartcompany.be\/wp-content\/uploads\/2025\/04\/IMG_20210104_161311-1152x1536.jpg 1152w, https:\/\/wallartcompany.be\/wp-content\/uploads\/2025\/04\/IMG_20210104_161311-1536x2048.jpg 1536w, https:\/\/wallartcompany.be\/wp-content\/uploads\/2025\/04\/IMG_20210104_161311-scaled.jpg 1920w\" sizes=\"(max-width: 768px) 100vw, 768px\" \/><\/a>\n\t\t\t<\/div><\/figure><figure class='gallery-item'>\n\t\t\t<div class='gallery-icon portrait'>\n\t\t\t\t<a data-elementor-open-lightbox=\"yes\" data-elementor-lightbox-slideshow=\"bf232f8\" data-elementor-lightbox-title=\"IMG_20210128_151124\" data-e-action-hash=\"#elementor-action%3Aaction%3Dlightbox%26settings%3DeyJpZCI6Mzg2LCJ1cmwiOiJodHRwczpcL1wvd2FsbGFydGNvbXBhbnkuYmVcL3dwLWNvbnRlbnRcL3VwbG9hZHNcLzIwMjVcLzA0XC9JTUdfMjAyMTAxMjhfMTUxMTI0LXNjYWxlZC5qcGciLCJzbGlkZXNob3ciOiJiZjIzMmY4In0%3D\" href='https:\/\/wallartcompany.be\/wp-content\/uploads\/2025\/04\/IMG_20210128_151124-scaled.jpg'><img loading=\"lazy\" decoding=\"async\" width=\"768\" height=\"1024\" src=\"https:\/\/wallartcompany.be\/wp-content\/uploads\/2025\/04\/IMG_20210128_151124-768x1024.jpg\" class=\"attachment-medium_large size-medium_large\" alt=\"\" srcset=\"https:\/\/wallartcompany.be\/wp-content\/uploads\/2025\/04\/IMG_20210128_151124-768x1024.jpg 768w, https:\/\/wallartcompany.be\/wp-content\/uploads\/2025\/04\/IMG_20210128_151124-225x300.jpg 225w, https:\/\/wallartcompany.be\/wp-content\/uploads\/2025\/04\/IMG_20210128_151124-1152x1536.jpg 1152w, https:\/\/wallartcompany.be\/wp-content\/uploads\/2025\/04\/IMG_20210128_151124-1536x2048.jpg 1536w, https:\/\/wallartcompany.be\/wp-content\/uploads\/2025\/04\/IMG_20210128_151124-scaled.jpg 1920w\" sizes=\"(max-width: 768px) 100vw, 768px\" \/><\/a>\n\t\t\t<\/div><\/figure><figure class='gallery-item'>\n\t\t\t<div class='gallery-icon portrait'>\n\t\t\t\t<a data-elementor-open-lightbox=\"yes\" data-elementor-lightbox-slideshow=\"bf232f8\" data-elementor-lightbox-title=\"IMG_20210128_151145\" data-e-action-hash=\"#elementor-action%3Aaction%3Dlightbox%26settings%3DeyJpZCI6Mzg1LCJ1cmwiOiJodHRwczpcL1wvd2FsbGFydGNvbXBhbnkuYmVcL3dwLWNvbnRlbnRcL3VwbG9hZHNcLzIwMjVcLzA0XC9JTUdfMjAyMTAxMjhfMTUxMTQ1LXNjYWxlZC5qcGciLCJzbGlkZXNob3ciOiJiZjIzMmY4In0%3D\" href='https:\/\/wallartcompany.be\/wp-content\/uploads\/2025\/04\/IMG_20210128_151145-scaled.jpg'><img loading=\"lazy\" decoding=\"async\" width=\"768\" height=\"1024\" src=\"https:\/\/wallartcompany.be\/wp-content\/uploads\/2025\/04\/IMG_20210128_151145-768x1024.jpg\" class=\"attachment-medium_large size-medium_large\" alt=\"\" srcset=\"https:\/\/wallartcompany.be\/wp-content\/uploads\/2025\/04\/IMG_20210128_151145-768x1024.jpg 768w, https:\/\/wallartcompany.be\/wp-content\/uploads\/2025\/04\/IMG_20210128_151145-225x300.jpg 225w, https:\/\/wallartcompany.be\/wp-content\/uploads\/2025\/04\/IMG_20210128_151145-1152x1536.jpg 1152w, https:\/\/wallartcompany.be\/wp-content\/uploads\/2025\/04\/IMG_20210128_151145-1536x2048.jpg 1536w, https:\/\/wallartcompany.be\/wp-content\/uploads\/2025\/04\/IMG_20210128_151145-scaled.jpg 1920w\" sizes=\"(max-width: 768px) 100vw, 768px\" \/><\/a>\n\t\t\t<\/div><\/figure><figure class='gallery-item'>\n\t\t\t<div class='gallery-icon portrait'>\n\t\t\t\t<a data-elementor-open-lightbox=\"yes\" data-elementor-lightbox-slideshow=\"bf232f8\" data-elementor-lightbox-title=\"IMG_20210128_151336\" data-e-action-hash=\"#elementor-action%3Aaction%3Dlightbox%26settings%3DeyJpZCI6Mzg0LCJ1cmwiOiJodHRwczpcL1wvd2FsbGFydGNvbXBhbnkuYmVcL3dwLWNvbnRlbnRcL3VwbG9hZHNcLzIwMjVcLzA0XC9JTUdfMjAyMTAxMjhfMTUxMzM2LXNjYWxlZC5qcGciLCJzbGlkZXNob3ciOiJiZjIzMmY4In0%3D\" href='https:\/\/wallartcompany.be\/wp-content\/uploads\/2025\/04\/IMG_20210128_151336-scaled.jpg'><img loading=\"lazy\" decoding=\"async\" width=\"768\" height=\"1024\" src=\"https:\/\/wallartcompany.be\/wp-content\/uploads\/2025\/04\/IMG_20210128_151336-768x1024.jpg\" class=\"attachment-medium_large size-medium_large\" alt=\"\" srcset=\"https:\/\/wallartcompany.be\/wp-content\/uploads\/2025\/04\/IMG_20210128_151336-768x1024.jpg 768w, https:\/\/wallartcompany.be\/wp-content\/uploads\/2025\/04\/IMG_20210128_151336-225x300.jpg 225w, https:\/\/wallartcompany.be\/wp-content\/uploads\/2025\/04\/IMG_20210128_151336-1152x1536.jpg 1152w, https:\/\/wallartcompany.be\/wp-content\/uploads\/2025\/04\/IMG_20210128_151336-1536x2048.jpg 1536w, https:\/\/wallartcompany.be\/wp-content\/uploads\/2025\/04\/IMG_20210128_151336-scaled.jpg 1920w\" sizes=\"(max-width: 768px) 100vw, 768px\" \/><\/a>\n\t\t\t<\/div><\/figure><figure class='gallery-item'>\n\t\t\t<div class='gallery-icon portrait'>\n\t\t\t\t<a data-elementor-open-lightbox=\"yes\" data-elementor-lightbox-slideshow=\"bf232f8\" data-elementor-lightbox-title=\"IMG_20210222_145609\" data-e-action-hash=\"#elementor-action%3Aaction%3Dlightbox%26settings%3DeyJpZCI6Mzg3LCJ1cmwiOiJodHRwczpcL1wvd2FsbGFydGNvbXBhbnkuYmVcL3dwLWNvbnRlbnRcL3VwbG9hZHNcLzIwMjVcLzA0XC9JTUdfMjAyMTAyMjJfMTQ1NjA5LXNjYWxlZC5qcGciLCJzbGlkZXNob3ciOiJiZjIzMmY4In0%3D\" href='https:\/\/wallartcompany.be\/wp-content\/uploads\/2025\/04\/IMG_20210222_145609-scaled.jpg'><img loading=\"lazy\" decoding=\"async\" width=\"768\" height=\"1024\" src=\"https:\/\/wallartcompany.be\/wp-content\/uploads\/2025\/04\/IMG_20210222_145609-768x1024.jpg\" class=\"attachment-medium_large size-medium_large\" alt=\"\" srcset=\"https:\/\/wallartcompany.be\/wp-content\/uploads\/2025\/04\/IMG_20210222_145609-768x1024.jpg 768w, https:\/\/wallartcompany.be\/wp-content\/uploads\/2025\/04\/IMG_20210222_145609-225x300.jpg 225w, https:\/\/wallartcompany.be\/wp-content\/uploads\/2025\/04\/IMG_20210222_145609-1152x1536.jpg 1152w, https:\/\/wallartcompany.be\/wp-content\/uploads\/2025\/04\/IMG_20210222_145609-1536x2048.jpg 1536w, https:\/\/wallartcompany.be\/wp-content\/uploads\/2025\/04\/IMG_20210222_145609-scaled.jpg 1920w\" sizes=\"(max-width: 768px) 100vw, 768px\" \/><\/a>\n\t\t\t<\/div><\/figure><figure class='gallery-item'>\n\t\t\t<div class='gallery-icon portrait'>\n\t\t\t\t<a data-elementor-open-lightbox=\"yes\" data-elementor-lightbox-slideshow=\"bf232f8\" data-elementor-lightbox-title=\"IMG_20210415_081523\" data-e-action-hash=\"#elementor-action%3Aaction%3Dlightbox%26settings%3DeyJpZCI6Mzg4LCJ1cmwiOiJodHRwczpcL1wvd2FsbGFydGNvbXBhbnkuYmVcL3dwLWNvbnRlbnRcL3VwbG9hZHNcLzIwMjVcLzA0XC9JTUdfMjAyMTA0MTVfMDgxNTIzLXNjYWxlZC5qcGciLCJzbGlkZXNob3ciOiJiZjIzMmY4In0%3D\" href='https:\/\/wallartcompany.be\/wp-content\/uploads\/2025\/04\/IMG_20210415_081523-scaled.jpg'><img loading=\"lazy\" decoding=\"async\" width=\"768\" height=\"1024\" src=\"https:\/\/wallartcompany.be\/wp-content\/uploads\/2025\/04\/IMG_20210415_081523-768x1024.jpg\" class=\"attachment-medium_large size-medium_large\" alt=\"\" srcset=\"https:\/\/wallartcompany.be\/wp-content\/uploads\/2025\/04\/IMG_20210415_081523-768x1024.jpg 768w, https:\/\/wallartcompany.be\/wp-content\/uploads\/2025\/04\/IMG_20210415_081523-225x300.jpg 225w, https:\/\/wallartcompany.be\/wp-content\/uploads\/2025\/04\/IMG_20210415_081523-1152x1536.jpg 1152w, https:\/\/wallartcompany.be\/wp-content\/uploads\/2025\/04\/IMG_20210415_081523-1536x2048.jpg 1536w, https:\/\/wallartcompany.be\/wp-content\/uploads\/2025\/04\/IMG_20210415_081523-scaled.jpg 1920w\" sizes=\"(max-width: 768px) 100vw, 768px\" \/><\/a>\n\t\t\t<\/div><\/figure>\n\t\t<\/div>\n\t\t<\/div>\n\t\t\t\t\t\t<\/div>\n\t\t\t\t<\/div>\n\t\t\t\t\t<\/div>\n\t\t\t\t<\/div>\n\t\t\t\t<\/div>","protected":false},"excerpt":{"rendered":"<p>Cloisons Modulaires FULLWALL10 Informations produit Nom: Cat\u00e9gorie: Partition: Style: Profil (\u00e9paisseur): Profil (Mati\u00e8re): Qualit\u00e9: FULLWALL10 Cloison Amovible Panneaux avec structure en acier Futuriste \/ Contemporaine 10mm Aluminium \u2605\u2605\u2605\u2605\u2605 Partition modulaire avec finition panneau stratifi\u00e9 Le FULLWALL10 est un syst\u00e8me de panneaux accroch\u00e9s. La structure est en acier et les finitions sont en panneaux agglom\u00e9r\u00e9es stratifi\u00e9es [&hellip;]<\/p>\n","protected":false},"author":1,"featured_media":0,"parent":0,"menu_order":0,"comment_status":"closed","ping_status":"closed","template":"elementor_header_footer","meta":{"footnotes":""},"class_list":["post-370","page","type-page","status-publish","hentry"],"_links":{"self":[{"href":"https:\/\/wallartcompany.be\/nl\/wp-json\/wp\/v2\/pages\/370","targetHints":{"allow":["GET"]}}],"collection":[{"href":"https:\/\/wallartcompany.be\/nl\/wp-json\/wp\/v2\/pages"}],"about":[{"href":"https:\/\/wallartcompany.be\/nl\/wp-json\/wp\/v2\/types\/page"}],"author":[{"embeddable":true,"href":"https:\/\/wallartcompany.be\/nl\/wp-json\/wp\/v2\/users\/1"}],"replies":[{"embeddable":true,"href":"https:\/\/wallartcompany.be\/nl\/wp-json\/wp\/v2\/comments?post=370"}],"version-history":[{"count":0,"href":"https:\/\/wallartcompany.be\/nl\/wp-json\/wp\/v2\/pages\/370\/revisions"}],"wp:attachment":[{"href":"https:\/\/wallartcompany.be\/nl\/wp-json\/wp\/v2\/media?parent=370"}],"curies":[{"name":"wp","href":"https:\/\/api.w.org\/{rel}","templated":true}]}}