{"id":46,"date":"2025-04-09T20:21:32","date_gmt":"2025-04-09T20:21:32","guid":{"rendered":"http:\/\/wallartcompany.be\/?page_id=46"},"modified":"2025-10-16T11:24:39","modified_gmt":"2025-10-16T11:24:39","slug":"cloisons-mobiles","status":"publish","type":"page","link":"https:\/\/wallartcompany.be\/nl\/cloisons-mobiles\/","title":{"rendered":"Verplaatsbare wanden"},"content":{"rendered":"<div data-elementor-type=\"wp-page\" data-elementor-id=\"46\" class=\"elementor elementor-46\" data-elementor-post-type=\"page\">\n\t\t\t\t<div class=\"elementor-element elementor-element-748a7f3 e-flex e-con-boxed e-con e-parent\" data-id=\"748a7f3\" data-element_type=\"container\" data-e-type=\"container\" data-settings=\"{&quot;background_background&quot;:&quot;classic&quot;}\">\n\t\t\t\t\t<div class=\"e-con-inner\">\n\t\t\t\t<div class=\"elementor-element elementor-element-6dfb69e elementor-widget elementor-widget-heading\" data-id=\"6dfb69e\" data-element_type=\"widget\" data-e-type=\"widget\" data-widget_type=\"heading.default\">\n\t\t\t\t<div class=\"elementor-widget-container\">\n\t\t\t\t\t<h2 class=\"elementor-heading-title elementor-size-default\">Verplaatsbare wanden<\/h2>\t\t\t\t<\/div>\n\t\t\t\t<\/div>\n\t\t\t\t\t<\/div>\n\t\t\t\t<\/div>\n\t\t<div class=\"elementor-element elementor-element-4a67fea e-flex e-con-boxed e-con e-parent\" data-id=\"4a67fea\" data-element_type=\"container\" data-e-type=\"container\">\n\t\t\t\t\t<div class=\"e-con-inner\">\n\t\t\t\t<div class=\"elementor-element elementor-element-44ffaf5 elementor-widget elementor-widget-heading\" data-id=\"44ffaf5\" data-element_type=\"widget\" data-e-type=\"widget\" data-widget_type=\"heading.default\">\n\t\t\t\t<div class=\"elementor-widget-container\">\n\t\t\t\t\t<h2 class=\"elementor-heading-title elementor-size-default\">Verplaatsbare wand: Wat is het?<\/h2>\t\t\t\t<\/div>\n\t\t\t\t<\/div>\n\t\t\t\t<div class=\"elementor-element elementor-element-3db5e77 elementor-widget elementor-widget-text-editor\" data-id=\"3db5e77\" data-element_type=\"widget\" data-e-type=\"widget\" data-widget_type=\"text-editor.default\">\n\t\t\t\t<div class=\"elementor-widget-container\">\n\t\t\t\t\t\t\t\t\t<p>Een verplaatsbare wand bestaat uit een rail, panelen (vaak van hout, gips of afgeleiden materialen) en een akoestisch absorberend materiaal. Het wordt gebruikt in kantoren om snel een ruimte te verdelen of te openen.<\/p><p>Het systeem voor het opdelen van ruimtes met verplaatsbare wanden (ook wel mobiele wanden of accordeonwanden genoemd) is verreweg het ideale systeem voor het snel opdelen en openen van een ontvangstruimte, vergaderruimte of een werkruimte.<\/p><p>Gekenmerkt door een complexe installatie, zijn de akoestische prestaties vergelijkbaar met die van een muur in het geval van akoestische verplaatsbare wanden.<\/p><p>Dit systeem maakt uw werkomgeving veelzijdiger door wanden en muren in een handomdraai verplaatsbaar te maken via een railsysteem dat is bevestigd aan de betonnen vloer van een plafond, vloer of aan een speciaal voor dit doel gemaakte poort.<\/p>\t\t\t\t\t\t\t\t<\/div>\n\t\t\t\t<\/div>\n\t\t\t\t<div class=\"elementor-element elementor-element-83cfa8d elementor-widget elementor-widget-heading\" data-id=\"83cfa8d\" data-element_type=\"widget\" data-e-type=\"widget\" data-widget_type=\"heading.default\">\n\t\t\t\t<div class=\"elementor-widget-container\">\n\t\t\t\t\t<h2 class=\"elementor-heading-title elementor-size-default\">De voordelen van een verplaatsbare wand\n<\/h2>\t\t\t\t<\/div>\n\t\t\t\t<\/div>\n\t\t\t\t<div class=\"elementor-element elementor-element-d69ccd2 elementor-widget elementor-widget-text-editor\" data-id=\"d69ccd2\" data-element_type=\"widget\" data-e-type=\"widget\" data-widget_type=\"text-editor.default\">\n\t\t\t\t<div class=\"elementor-widget-container\">\n\t\t\t\t\t\t\t\t\t<p>Naast de flexibiliteit die een dergelijke verplaatsbare wand biedt op het gebied van het inrichten van ontvangstruimtes, is het de modulariteit van dit innovatieve systeem die de goedkeuring van onze klanten wint.<\/p><p>Investeren in een dergelijk mobiel scheidingssysteem stelt het bedrijf in staat om de grootte en indeling van zijn ontvangst- of werkruimtes volledig zelfstandig aan te passen, maar ook om twee ruimtes visueel af te sluiten en akoestisch af te bakenen.<\/p><p>Het paneel is zowel in veiligheidsglas als in fineerhout met laminaten uitgevoerd.<\/p>\t\t\t\t\t\t\t\t<\/div>\n\t\t\t\t<\/div>\n\t\t\t\t\t<\/div>\n\t\t\t\t<\/div>\n\t\t<div class=\"elementor-element elementor-element-7022651 e-flex e-con-boxed e-con e-parent\" data-id=\"7022651\" data-element_type=\"container\" data-e-type=\"container\">\n\t\t\t\t\t<div class=\"e-con-inner\">\n\t\t\t\t<div class=\"elementor-element elementor-element-0d00274 elementor-widget elementor-widget-shortcode\" data-id=\"0d00274\" data-element_type=\"widget\" data-e-type=\"widget\" data-widget_type=\"shortcode.default\">\n\t\t\t\t<div class=\"elementor-widget-container\">\n\t\t\t\t\t\t\t<div class=\"elementor-shortcode\"><div class=\"_df_book df-lite\" id=\"df_1432\"  _slug=\"wallart-optimal-mobile\" data-title=\"wallart-optimal-mobile\" wpoptions=\"true\" thumbtype=\"\" ><\/div><script class=\"df-shortcode-script\" nowprocket type=\"application\/javascript\">window.option_df_1432 = {\"outline\":[],\"autoEnableOutline\":\"false\",\"autoEnableThumbnail\":\"false\",\"overwritePDFOutline\":\"false\",\"direction\":\"1\",\"pageSize\":\"0\",\"source\":\"https:\\\/\\\/wallartcompany.be\\\/wp-content\\\/uploads\\\/2025\\\/10\\\/WALLART-OPTIMAL-MOBILE-SYSTEME.pdf\",\"wpOptions\":\"true\"}; if(window.DFLIP && window.DFLIP.parseBooks){window.DFLIP.parseBooks();}<\/script><\/div>\n\t\t\t\t\t\t<\/div>\n\t\t\t\t<\/div>\n\t\t\t\t\t<\/div>\n\t\t\t\t<\/div>\n\t\t\t\t<\/div>","protected":false},"excerpt":{"rendered":"<p>Cloisons Mobiles Cloison mobile: Qu&rsquo;est-ce que c&rsquo;est? Une cloison mobile est compos\u00e9e d&rsquo;un rail, de panneaux (souvent en bois, en pl\u00e2tre et d\u00e9riv\u00e9s) et d&rsquo;un absorbant acoustique. Il est utilis\u00e9 dans les bureaux dans le but de cloisonner ou d\u00e9cloisonner rapidement un espace. Le syst\u00e8me de cloisonnement des espaces par cloisons mobiles (appel\u00e9es aussi murs [&hellip;]<\/p>\n","protected":false},"author":1,"featured_media":0,"parent":0,"menu_order":0,"comment_status":"closed","ping_status":"closed","template":"elementor_header_footer","meta":{"footnotes":""},"class_list":["post-46","page","type-page","status-publish","hentry"],"_links":{"self":[{"href":"https:\/\/wallartcompany.be\/nl\/wp-json\/wp\/v2\/pages\/46","targetHints":{"allow":["GET"]}}],"collection":[{"href":"https:\/\/wallartcompany.be\/nl\/wp-json\/wp\/v2\/pages"}],"about":[{"href":"https:\/\/wallartcompany.be\/nl\/wp-json\/wp\/v2\/types\/page"}],"author":[{"embeddable":true,"href":"https:\/\/wallartcompany.be\/nl\/wp-json\/wp\/v2\/users\/1"}],"replies":[{"embeddable":true,"href":"https:\/\/wallartcompany.be\/nl\/wp-json\/wp\/v2\/comments?post=46"}],"version-history":[{"count":3,"href":"https:\/\/wallartcompany.be\/nl\/wp-json\/wp\/v2\/pages\/46\/revisions"}],"predecessor-version":[{"id":1440,"href":"https:\/\/wallartcompany.be\/nl\/wp-json\/wp\/v2\/pages\/46\/revisions\/1440"}],"wp:attachment":[{"href":"https:\/\/wallartcompany.be\/nl\/wp-json\/wp\/v2\/media?parent=46"}],"curies":[{"name":"wp","href":"https:\/\/api.w.org\/{rel}","templated":true}]}}